{"id":855,"date":"2023-01-24T14:57:36","date_gmt":"2023-01-24T13:57:36","guid":{"rendered":"https:\/\/dev.everpress.everapps.dev\/agb\/"},"modified":"2025-10-29T12:24:26","modified_gmt":"2025-10-29T11:24:26","slug":"agb","status":"publish","type":"page","link":"\/shop\/agb\/","title":{"rendered":"AGB"},"content":{"rendered":"<div class=\"ep-content-dynamic  bg-light space \"><div class=\"row   default-start default-top\"><h1 class=\"col align-left\">Allgemeine Gesch\u00e4ftsbedingungen  <span class=\"subline\">Stand: 01.08.2025<\/span><\/h1><div class=\"col \"><p class=\"h3\">1. Auftragserteilung<\/p>\n<p>a) Die nachstehenden Bedingungen werden durch Auftragserteilung anerkannt. Sie gelten f\u00fcr alle Vertr\u00e4ge, Lieferungen und Leistungen von Excellent Confiserie. Sie gelten auch dann f\u00fcr alle gegenw\u00e4rtigen und k\u00fcnftigen Gesch\u00e4ftsbeziehungen, wenn sie nicht noch einmal ausdr\u00fccklich vereinbart werden.<\/p>\n<p>b) Anderslautenden Bedingungen des Bestellers wird hiermit ausdr\u00fccklich widersprochen. Sie haben auch dann keine G\u00fcltigkeit, wenn ihnen nicht nochmals nach Eingang bei Excellent-Confiserie widersprochen wird.<\/p>\n<p>c) Nebenabreden, \u00c4nderungen oder Erg\u00e4nzungen bed\u00fcrfen der Textform, das gilt auch f\u00fcr dieses Textformerfordernis selbst.<\/p>\n<p>d) F\u00fcr Fehler bei der \u00dcbermittlung durch Telefon, Telegramm und sonstige Telekommunikationseinrichtungen haftet Excellent-Confiserie nicht.<\/p>\n<p class=\"h3\">2. Zustandekommen des Vertrages im Onlineshop<\/p>\n<p>Mit den Angaben zu Produkten in unseren gedruckten Werbemitteln oder im Internetshop geben wir noch kein rechtsverbindliches Angebot zum Kauf der Produkte an Sie ab. Ihre Bestellung der Produkte ist damit ein verbindliches Angebot Ihrerseits an uns.<\/p>\n<p>Ein Kaufvertrag mit uns kommt zustande durch unsere Auftragsbest\u00e4tigung oder durch die Warenlieferung innerhalb von drei Werktagen bzw. zu Ihrem Wunsch-Liefertermin (Warenverf\u00fcgbarkeit vorausgesetzt).<\/p>\n<p class=\"h3\">3. Lieferung<\/p>\n<p>a) Excellent-Confiserie liefert erst ab einem Auftragswert von 5,00 \u20ac.<\/p>\n<p>b) Excellent-Confiserie w\u00e4hlt die Art des Versandes, soweit nicht ausdr\u00fccklich andere Vereinbarungen getroffen werden. Die Kosten des durch Excellent-Confiserie gew\u00e4hlten Versandweges im Inland betragen 5,95 \u20ac je Auftrag.<\/p>\n<p>c) Sollte eine ausdr\u00fccklich vereinbarte Zustellung nicht m\u00f6glich sein und dadurch eine erneute Anlieferung n\u00f6tig werden, so gehen die Mehrkosten hierf\u00fcr zu Lasten des Auftraggebers.<\/p>\n<p>d) Excellent-Confiserie liefert au\u00dferhalb Deutschlands nach den jeweiligen landesspezifischen Einfuhrbestimmungen. In der Regel werden in den Bestimmungsl\u00e4ndern keine Zollkosten und\/oder zus\u00e4tzlichen Zollgeb\u00fchren erhoben. Sollte dies jedoch der Fall sein, hat grunds\u00e4tzlich der Besteller f\u00fcr diese Kosten aufzukommen. Eine Einberechnung oder \u00dcbernahme dieser Kosten ist Excellent-Confiserie nicht m\u00f6glich.<\/p>\n<p class=\"h3\">4. Gefahren\u00fcbergang<\/p>\n<p>Ist der Besteller Verbraucher, so geht die Gefahr des zuf\u00e4lligen Untergangs und der zuf\u00e4lligen Verschlechterung der Ware auch beim Versendungskauf erst mit der \u00dcbergabe der Sache auf den Besteller \u00fcber.<\/p>\n<p class=\"h3\">5. Lieferst\u00f6rungen<\/p>\n<p>a) Liefer- und Leistungsverz\u00f6gerungen aufgrund h\u00f6herer Gewalt und aufgrund von Ereignissen, die dem Verk\u00e4ufer die Lieferung wesentlich erschweren oder unm\u00f6glich machen \u2013 z. B. nachtr\u00e4glich eingetretene Materialbeschaffungs\u00adschwierigkeiten, Betriebsst\u00f6rungen, Streik, Aussperrung, Personalmangel, Mangel an Transportmitteln, beh\u00f6rdliche Anordnung usw. \u2013 hat Excellent-Confiserie auch bei verbindlich vereinbarten Lieferfristen nicht zu vertreten. F\u00fcr den Besteller entstehen in diesem Fall keine Schadensersatzanspr\u00fcche.<\/p>\n<p>b) Dauert die St\u00f6rung l\u00e4nger als 14 Tage, so ist jeder Vertragsteil berechtigt, vom Vertrag zur\u00fcckzutreten. In diesem Fall sind Schadensersatzanspr\u00fcche f\u00fcr beide Teile ausgeschlossen.<\/p>\n<p class=\"h3\">6. Gew\u00e4hrleistung<\/p>\n<p>Es besteht ein gesetzliches M\u00e4ngelhaftungsrecht f\u00fcr die Waren.<\/p>\n<p class=\"h3\">7. Widerruf<\/p>\n<p class=\"h5\">Widerrufsrecht<\/p>\n<p>Sie haben das Recht, binnen 14 Tagen ohne Angaben von Gr\u00fcnden diesen Vertrag zu widerrufen. Die Widerrufsfrist betr\u00e4gt 14 Tage ab dem Tag, an dem Sie oder ein von Ihnen benannter Dritter, der nicht der Bef\u00f6rderer ist, die Waren in Besitz genommen haben bzw. hat.<\/p>\n<p>Um Ihr Widerrufsrecht auszu\u00fcben, m\u00fcssen Sie uns (Excellent Confiserie Spezialit\u00e4ten GmbH, Hauptstra\u00dfe 99, 74889 Sinsheim, Telefon <a class=\"phone\" title=\"Kontaktieren Sie uns!\" href=\"tel:+497261978230\">+497261 \/ 97823-0<\/a>, <a class=\"mail\" title=\"Kontaktieren Sie uns!\" href=\"mailto:info@excellent-confiserie.de\">info@excellent-confiserie.de<\/a>) mittels einer eindeutigen Erkl\u00e4rung (z.B. ein mit der Post versandter Brief oder E-Mail) \u00fcber Ihren Entschluss, diesen Vertrag zu widerrufen, informieren.<\/p>\n<p>Zur Wahrung der Widerrufsfrist reicht es aus, dass Sie die Mitteilung \u00fcber die Aus\u00fcbung des Widerrufsrechts vor Ablauf der Widerrufsfrist absenden.<\/p>\n<p class=\"h5\">Folgen des Widerrufs<\/p>\n<p>Wenn Sie diesen Vertrag widerrufen, haben wir Ihnen alle Zahlungen, die wir von Ihnen erhalten haben, einschlie\u00dflich der Lieferkosten (mit Ausnahme der zus\u00e4tzlichen Kosten, die sich daraus ergeben, dass Sie eine andere Art der Lieferung als die von uns angebotene, g\u00fcnstigste Standardlieferung gew\u00e4hlt haben) unverz\u00fcglich und sp\u00e4testens binnen 14 Tagen ab dem Tag zur\u00fcckzuzahlen, an dem die Mitteilung \u00fcber Ihren Widerruf dieses Vertrages eingegangen ist. F\u00fcr diese R\u00fcckzahlung verwenden wir dasselbe Zahlungsmittel, das Sie bei der urspr\u00fcnglichen Transaktion eingesetzt haben, es sei denn, mit Ihnen wurde ausdr\u00fccklich etwas anderes vereinbart; in keinem Fall werden Ihnen wegen dieser R\u00fcckzahlung Entgelte berechnet. Wir k\u00f6nnen die R\u00fcckzahlung verweigern, bis wir die Waren wieder zur\u00fcckerhalten haben oder bis Sie den Nachweis erbracht haben, dass Sie die Waren zur\u00fcckgesandt haben, je nachdem, welches der fr\u00fchere Zeitpunkt ist.<\/p>\n<p>Sie haben die Waren unverz\u00fcglich und in jedem Fall sp\u00e4testens binnen 14 Tagen ab dem Tag, an dem Sie uns \u00fcber den Widerruf dieses Vertrages unterrichten, (Excellent Confiserie Spezialit\u00e4ten GmbH, Hauptstra\u00dfe 99, 74889 Sinsheim, Telefon <a class=\"phone\" title=\"Kontaktieren Sie uns!\" href=\"tel:+497261978230\">+497261 \/ 97823-0<\/a>, <a class=\"mail\" title=\"Kontaktieren Sie uns!\" href=\"mailto:info@excellent-confiserie.de\">info@excellent-confiserie.de<\/a>), zur\u00fcckzusenden oder zu \u00fcbergeben. Die Frist ist gewahrt, wenn Sie die Waren vor Ablauf der Frist von 14 Tagen absenden.<\/p>\n<p><strong>Sie tragen die unmittelbaren Kosten der R\u00fccksendung der Ware.<\/strong><\/p>\n<p>Sie m\u00fcssen f\u00fcr einen etwaigen Wertverlust der Ware nur aufkommen, wenn dieser Wertverlust auf einen zur Pr\u00fcfung der Beschaffenheit, Eigenschaften und Funktionsweise der Waren nicht notwendigen Umgang mit Ihnen zur\u00fcckzuf\u00fchren ist.<\/p>\n<p class=\"h5\">Widerrufsformular<\/p>\n<p>Wenn Sie den Vertrag widerrufen wollen, dann f\u00fcllen Sie bitte dieses Formular aus und senden es zur\u00fcck.<\/p>\n<ul>\n<li>An: Excellent Confiserie Spezialit\u00e4ten GmbH, Hauptstra\u00dfe 99, 74889 Sinsheim, Telefon <strong><a class=\"phone\" title=\"Kontaktieren Sie uns!\" href=\"tel:+497261978230\">+497261 \/ 97823-0<\/a><\/strong>, <a class=\"mail\" title=\"Kontaktieren Sie uns!\" href=\"mailto:info@excellent-confiserie.de\">info@excellent-confiserie.de<\/a>.<\/li>\n<li>Hiermit widerrufe(n) ich \/ wir (*) den von mir\/uns (*) abgeschlossenen Vertrag \u00fcber den Kauf der folgenden Waren (*) \/ die Erbringung der folgenden Dienstleistungen (*) :\n<ul>\n<li>Bestellt am (*) \/ erhalten am (*)<\/li>\n<li>Name des \/ der Verbraucher(s)<\/li>\n<li>Anschrift des \/ der Verbraucher(s)<\/li>\n<li>Unterschrift des \/ der Verbraucher(s)<\/li>\n<li>Datum<\/li>\n<\/ul>\n<\/li>\n<\/ul>\n<p><small>(*) Unzutreffendes streichen.<\/small><\/p>\n<p class=\"h3\">8. Haftungseinschr\u00e4nkungen<\/p>\n<p>Excellent-Confiserie haftet f\u00fcr Sch\u00e4den nach den gesetzlichen Bestimmungen in den F\u00e4llen des Vorsatzes, der groben Fahrl\u00e4ssigkeit, bei \u00dcbernahme einer Garantie f\u00fcr die Sache sowie bei einer von und zu vertretenden Verletzung von Leben, K\u00f6rper oder Gesundheit. Verletzt Excellent-Confiserie im \u00dcbrigen mit einfacher Fahrl\u00e4ssigkeit eine Kardinalpflicht oder eine vertragswesentliche Pflicht, ist die Ersatzpflicht von Excellent-Confiserie auf den vertragstypischen, vorhersehbaren Schaden begrenzt; f\u00fcr Verm\u00f6genssch\u00e4den (insbesondere f\u00fcr entgangenen Gewinn) wird jedoch bei mit einfacher Fahrl\u00e4ssigkeit zu vertretenden Sachm\u00e4ngeln nicht gehaftet. In sonstigen F\u00e4llen der Haftung sind Schadensersatzanspr\u00fcche wegen der Verletzung einer Pflicht aus dem Schuldverh\u00e4ltnis sowie wegen unerlaubter Handlung ausgeschlossen.<\/p>\n<p class=\"h3\">9. Annahmeverzug des Bestellers<\/p>\n<p>Nimmt der Besteller die Ware nicht an, so ist Excellent-Confiserie berechtigt, nach Setzung einer Nachfrist von einer Woche und nach Fristablauf vom Vertrag zur\u00fcckzutreten und Schadensersatz wegen Nichterf\u00fcllung geltend zu machen.<\/p>\n<p class=\"h3\">10. Eigentumsvorbehalt<\/p>\n<p>Ist der Besteller Verbraucher, beh\u00e4lt sich Excellent-Confiserie das Eigentum an der Ware bis zur vollst\u00e4ndigen Bezahlung des Kaufpreises vor.<\/p>\n<p class=\"h3\">11. R\u00fccktrittsrecht<\/p>\n<p>Excellent-Confiserie ist berechtigt, von noch nicht erf\u00fcllten Kaufvertr\u00e4gen durch Erkl\u00e4rung gegen\u00fcber dem Besteller zur\u00fcckzutreten, wenn dieser seine Zahlungen einstellt oder \u00fcber sein Verm\u00f6gen ein Insolvenzverfahren er\u00f6ffnet wird oder wenn sonstige Umst\u00e4nde bekannt werden, die seine Leistungsf\u00e4higkeit ernsthaft in Frage stellen.<\/p>\n<p class=\"h3\">12. Zahlungen<\/p>\n<p>a) Der Besteller verpflichtet sich, die Ware innerhalb von 8 Tagen ab dem Rechnungsdatum ohne Abzug von Skonto zu bezahlen.<\/p>\n<p>b) Ist der Besteller Verbraucher, so hat er w\u00e4hrend des Verzuges die Geldschuld in H\u00f6he von 5% \u00fcber dem Basiszinssatz zu verzinsen.<\/p>\n<p>c) Excellent-Confiserie ist berechtigt, auch bei anderslautenden Bestimmungen des Bestellers Zahlungen zun\u00e4chst auf dessen \u00e4ltere Schulden zu verrechnen. Sind bereits Kosten und Zinsen entstanden, so ist Excellent-Confiserie berechtigt, die Zahlung zun\u00e4chst auf die Kosten, dann auf die Zinsen und zuletzt auf die Hauptleistung zu verrechnen.<\/p>\n<p class=\"h3\">13. Speicherung des Vertragstextes<\/p>\n<p>Wir speichern Ihre Bestellung, die eingegebenen Bestelldaten sowie den gesamten Vertragstext. Auch haben Sie die M\u00f6glichkeit, sowohl die Bestellung als auch die Allgemeinen Gesch\u00e4ftsbedingungen vor dem Absenden der Bestellung an uns auszudrucken.<\/p>\n<p class=\"h3\">14. Erf\u00fcllungsort und Gerichtsstand<\/p>\n<p>a) Ist der Besteller Verbraucher richtet sich der Gerichtsstand nach den gesetzlichen Bestimmungen.<\/p>\n<p>b) Die Bestimmungen des UN-Kaufrechts finden keine Anwendung.<\/p>\n<p class=\"h3\">15. Streitbeilegungsverfahren<\/p>\n<p>Wir sind nicht bereit oder verpflichtet, an Streitbeilegungsverfahren vor einer Verbraucherschlichtungsstelle teilzunehmen.<\/p>\n<p>&nbsp;<\/p>\n<p>Stand: 01.08.2025<\/p>\n<\/div><\/div><\/div>","protected":false},"excerpt":{"rendered":"","protected":false},"author":1,"featured_media":0,"parent":0,"menu_order":0,"comment_status":"closed","ping_status":"closed","template":"","meta":{"_acf_changed":false,"footnotes":""},"class_list":["post-855","page","type-page","status-publish","hentry"],"acf":[],"_links":{"self":[{"href":"\/shop\/wp-json\/wp\/v2\/pages\/855"}],"collection":[{"href":"\/shop\/wp-json\/wp\/v2\/pages"}],"about":[{"href":"\/shop\/wp-json\/wp\/v2\/types\/page"}],"author":[{"embeddable":true,"href":"\/shop\/wp-json\/wp\/v2\/users\/1"}],"replies":[{"embeddable":true,"href":"\/shop\/wp-json\/wp\/v2\/comments?post=855"}],"version-history":[{"count":4,"href":"\/shop\/wp-json\/wp\/v2\/pages\/855\/revisions"}],"predecessor-version":[{"id":6512,"href":"\/shop\/wp-json\/wp\/v2\/pages\/855\/revisions\/6512"}],"wp:attachment":[{"href":"\/shop\/wp-json\/wp\/v2\/media?parent=855"}],"curies":[{"name":"wp","href":"https:\/\/api.w.org\/{rel}","templated":true}]}}