{"id":857,"date":"2023-01-24T14:57:36","date_gmt":"2023-01-24T13:57:36","guid":{"rendered":"https:\/\/dev.everpress.everapps.dev\/versandarten\/"},"modified":"2024-09-13T04:24:27","modified_gmt":"2024-09-13T02:24:27","slug":"versandarten","status":"publish","type":"page","link":"\/shop\/versandarten\/","title":{"rendered":"Versandarten"},"content":{"rendered":"<div class=\"ep-content-dynamic  bg-light space \"><div class=\"row   default-start default-top\"><h1 class=\"col align-left\">Unsere Versandmethoden  <span class=\"subline\">Wir bringen Ihre Produkte sicher ans Ziel<\/span><\/h1><div class=\"col \"><div class=\"shipping-container\">\n<p><strong>Liebe Kundinnen und Kunden, <\/strong><br \/> die anfallenden Versandkosten werden Ihnen im Warenkorb und im weiteren Bestellvorgang angezeigt.<\/p>\n<p>Genauere Lieferinformationen k\u00f6nnen Sie vorab gerne auf R\u00fcckfrage erhalten. Bitte rechnen Sie innerhalb Deutschlands grunds\u00e4tzlich mit einer durchschnittlichen Lieferdauer von 4 bis 7 Werktagen.<\/p>\n<\/div>\n<p>a) Excellent-Confiserie liefert erst ab einem Auftragswert von 5,00 \u20ac.<\/p>\n<p>b) Excellent-Confiserie w\u00e4hlt die Art des Versandes, soweit nicht ausdr\u00fccklich andere Vereinbarungen getroffen werden. Die Kosten des durch Excellent-Confiserie gew\u00e4hlten Versandweges im Inland betragen 5,95 \u20ac je Auftrag.<\/p>\n<p>c) Sollte eine ausdr\u00fccklich vereinbarte Zustellung nicht m\u00f6glich sein und dadurch eine erneute Anlieferung n\u00f6tig werden, so gehen die Mehrkosten hierf\u00fcr zu Lasten des Auftraggebers.<\/p>\n<p>d) Excellent-Confiserie liefert au\u00dferhalb Deutschlands nach den jeweiligen landesspezifischen Einfuhrbestimmungen. In der Regel werden in den Bestimmungsl\u00e4ndern keine Zollkosten und\/oder zus\u00e4tzlichen Zollgeb\u00fchren erhoben. Sollte dies jedoch der Fall sein, hat grunds\u00e4tzlich der Besteller f\u00fcr diese Kosten aufzukommen. Eine Einberechnung oder \u00dcbernahme dieser Kosten ist Excellent-Confiserie nicht m\u00f6glich.<\/p>\n<\/div><\/div><\/div>","protected":false},"excerpt":{"rendered":"","protected":false},"author":1,"featured_media":0,"parent":0,"menu_order":0,"comment_status":"closed","ping_status":"closed","template":"","meta":{"_acf_changed":false,"footnotes":""},"class_list":["post-857","page","type-page","status-publish","hentry"],"acf":[],"_links":{"self":[{"href":"\/shop\/wp-json\/wp\/v2\/pages\/857"}],"collection":[{"href":"\/shop\/wp-json\/wp\/v2\/pages"}],"about":[{"href":"\/shop\/wp-json\/wp\/v2\/types\/page"}],"author":[{"embeddable":true,"href":"\/shop\/wp-json\/wp\/v2\/users\/1"}],"replies":[{"embeddable":true,"href":"\/shop\/wp-json\/wp\/v2\/comments?post=857"}],"version-history":[{"count":5,"href":"\/shop\/wp-json\/wp\/v2\/pages\/857\/revisions"}],"predecessor-version":[{"id":6000,"href":"\/shop\/wp-json\/wp\/v2\/pages\/857\/revisions\/6000"}],"wp:attachment":[{"href":"\/shop\/wp-json\/wp\/v2\/media?parent=857"}],"curies":[{"name":"wp","href":"https:\/\/api.w.org\/{rel}","templated":true}]}}